{"id":12520,"date":"2025-03-12T17:58:04","date_gmt":"2025-03-12T17:58:04","guid":{"rendered":"https:\/\/hteck.fr\/product\/iphone-16e-256-go-md1t4ql-a-noir-neuf\/"},"modified":"2025-12-22T11:16:16","modified_gmt":"2025-12-22T11:16:16","slug":"iphone-16e-256-go-md1t4ql-a-noir-neuf","status":"publish","type":"product","link":"https:\/\/hteck.fr\/fr\/produit\/iphone-16e-256-go-md1t4ql-a-noir-neuf\/","title":{"rendered":"iPhone 16e 256 Go MD1T4QL\/A Noir &#8211; Neuf"},"content":{"rendered":"<p>D\u00e9couvrez l\u2019iPhone 16e 128 Go en blanc \u00e9clatant (Mod\u00e8le : MD1Q4F\/A) \u2014 o\u00f9 l\u2019innovation rencontre l\u2019\u00e9l\u00e9gance. \u00c9levez votre exp\u00e9rience technologique avec cet appareil \u00e9l\u00e9gant et sophistiqu\u00e9, con\u00e7u pour ceux qui exigent \u00e0 la fois style et performance. <\/p>\n<p>Gr\u00e2ce \u00e0 sa puce A17 Bionic de pointe, le multit\u00e2che fluide et des vitesses fulgurantes sont \u00e0 port\u00e9e de main, vous permettant de garder une longueur d\u2019avance dans un monde en perp\u00e9tuel mouvement. Capturez les moments de la vie avec une clart\u00e9 saisissante gr\u00e2ce au syst\u00e8me de double cam\u00e9ra avanc\u00e9, parfait aussi bien pour les paysages \u00e0 couper le souffle que pour les gros plans d\u00e9taill\u00e9s. <\/p>\n<p>La g\u00e9n\u00e9reuse capacit\u00e9 de stockage de 128 Go vous permet de ne jamais manquer d\u2019espace pour vos photos, vid\u00e9os et applications \u2014 c\u2019est le compagnon id\u00e9al pour votre mode de vie actif. Avec une autonomie d\u2019une journ\u00e9e compl\u00e8te, l\u2019iPhone 16e vous permet de rester connect\u00e9 et productif, o\u00f9 que votre journ\u00e9e vous m\u00e8ne. <\/p>\n<p>Rev\u00eatu d\u2019une finition blanche immacul\u00e9e, cet appareil offre un aspect et un toucher luxueux. Son design robuste garantit que votre iPhone r\u00e9siste aux rigueurs de l\u2019utilisation quotidienne, tandis que les c\u00e9l\u00e8bres fonctionnalit\u00e9s de s\u00e9curit\u00e9 d\u2019Apple prot\u00e8gent vos donn\u00e9es en toute s\u00e9curit\u00e9. <\/p>\n<p>Choisissez l\u2019iPhone 16e 128 Go Blanc pour un parfait \u00e9quilibre entre puissance, portabilit\u00e9 et esth\u00e9tique haut de gamme. Adoptez d\u00e8s aujourd\u2019hui l\u2019avenir de la technologie mobile\u202f! <\/p>\n","protected":false},"excerpt":{"rendered":"<p>D\u00e9couvrez l\u2019iPhone 16e 128 Go en blanc \u00e9clatant (Mod\u00e8le : MD1Q4F\/A) \u2014 o\u00f9 l\u2019innovation rencontre l\u2019\u00e9l\u00e9gance. \u00c9levez votre exp\u00e9rience technologique<\/p>\n","protected":false},"featured_media":12019,"comment_status":"open","ping_status":"closed","template":"","meta":[],"product_brand":[123],"product_cat":[252,256,251],"product_tag":[],"class_list":{"0":"post-12520","1":"product","2":"type-product","3":"status-publish","4":"has-post-thumbnail","6":"product_brand-apple","7":"product_cat-apple-fr","8":"product_cat-i-phone-fr","9":"product_cat-telephone-mobile","11":"first","12":"instock","13":"featured","14":"shipping-taxable","15":"purchasable","16":"product-type-simple"},"_links":{"self":[{"href":"https:\/\/hteck.fr\/fr\/wp-json\/wp\/v2\/product\/12520","targetHints":{"allow":["GET"]}}],"collection":[{"href":"https:\/\/hteck.fr\/fr\/wp-json\/wp\/v2\/product"}],"about":[{"href":"https:\/\/hteck.fr\/fr\/wp-json\/wp\/v2\/types\/product"}],"replies":[{"embeddable":true,"href":"https:\/\/hteck.fr\/fr\/wp-json\/wp\/v2\/comments?post=12520"}],"version-history":[{"count":1,"href":"https:\/\/hteck.fr\/fr\/wp-json\/wp\/v2\/product\/12520\/revisions"}],"predecessor-version":[{"id":13889,"href":"https:\/\/hteck.fr\/fr\/wp-json\/wp\/v2\/product\/12520\/revisions\/13889"}],"wp:featuredmedia":[{"embeddable":true,"href":"https:\/\/hteck.fr\/fr\/wp-json\/wp\/v2\/media\/12019"}],"wp:attachment":[{"href":"https:\/\/hteck.fr\/fr\/wp-json\/wp\/v2\/media?parent=12520"}],"wp:term":[{"taxonomy":"product_brand","embeddable":true,"href":"https:\/\/hteck.fr\/fr\/wp-json\/wp\/v2\/product_brand?post=12520"},{"taxonomy":"product_cat","embeddable":true,"href":"https:\/\/hteck.fr\/fr\/wp-json\/wp\/v2\/product_cat?post=12520"},{"taxonomy":"product_tag","embeddable":true,"href":"https:\/\/hteck.fr\/fr\/wp-json\/wp\/v2\/product_tag?post=12520"}],"curies":[{"name":"wp","href":"https:\/\/api.w.org\/{rel}","templated":true}]}}