{"id":12514,"date":"2025-03-12T16:59:02","date_gmt":"2025-03-12T16:59:02","guid":{"rendered":"https:\/\/hteck.fr\/product\/iphone-16-pro-256-go-titane-desert-mylv3za-a-neuf\/"},"modified":"2025-12-22T11:16:21","modified_gmt":"2025-12-22T11:16:21","slug":"iphone-16-pro-256-go-titane-desert-mylv3za-a-neuf","status":"publish","type":"product","link":"https:\/\/hteck.fr\/fr\/produit\/iphone-16-pro-256-go-titane-desert-mylv3za-a-neuf\/","title":{"rendered":"iPhone 16 Pro 256 Go Titane D\u00e9sert MYLV3ZA\/A &#8211; Neuf"},"content":{"rendered":"\t\t<div data-elementor-type=\"wp-post\" data-elementor-id=\"12514\" class=\"elementor elementor-12514 elementor-10750\">\n\t\t\t\t<div class=\"wd-negative-gap elementor-element elementor-element-8c3c2c7 e-flex e-con-boxed e-con e-parent\" data-id=\"8c3c2c7\" data-element_type=\"container\" data-e-type=\"container\">\n\t\t\t\t\t<div class=\"e-con-inner\">\n\t\t<div class=\"elementor-element elementor-element-d0a7da0 e-con-full e-flex e-con e-child\" data-id=\"d0a7da0\" data-element_type=\"container\" data-e-type=\"container\">\n\t\t\t\t<div class=\"elementor-element elementor-element-fea3614 wd-width-100 elementor-widget elementor-widget-wd_title\" data-id=\"fea3614\" data-element_type=\"widget\" data-e-type=\"widget\" data-widget_type=\"wd_title.default\">\n\t\t\t\t<div class=\"elementor-widget-container\">\n\t\t\t\t\t\t\t<div class=\"title-wrapper wd-set-mb reset-last-child wd-title-color-default wd-title-style-default wd-title-size-small text-left\">\n\n\t\t\t\n\t\t\t<div class=\"liner-continer\">\n\t\t\t\t<h4 class=\"woodmart-title-container title wd-fontsize-m\">Apple iPhone 16 Pro 256 Go Titane D\u00e9sert - MYLV3ZA\/A<\/h4> \n\t\t\t\t\t\t\t<\/div>\n\n\t\t\t\t\t<\/div>\n\t\t\t\t\t\t<\/div>\n\t\t\t\t<\/div>\n\t\t\t\t<div class=\"elementor-element elementor-element-ab13bf0 elementor-widget elementor-widget-wd_text_block\" data-id=\"ab13bf0\" data-element_type=\"widget\" data-e-type=\"widget\" data-widget_type=\"wd_text_block.default\">\n\t\t\t\t<div class=\"elementor-widget-container\">\n\t\t\t\t\t\t\t<div class=\"wd-text-block reset-last-child text-left\">\n\t\t\t\n\t\t\t<p>Entrez dans le futur avec <strong>l\u2019iPhone 16 Pro<\/strong>, un concentr\u00e9 d\u2019innovation et de performance. Con\u00e7u pour les utilisateurs les plus exigeants, cet appareil allie technologies de pointe et design \u00e9l\u00e9gant. <\/p><h4>Caract\u00e9ristiques cl\u00e9s :<\/h4><ul><li><strong>\u00c9cran Super Retina XDR ProMotion de 6.3 pouces<\/strong> : profitez de visuels ultra-fluides avec un taux de rafra\u00eechissement adaptatif allant jusqu\u2019\u00e0 120 Hz, parfait pour le gaming et le d\u00e9filement fluide.<\/li><li><strong>Puce A18 Pro Bionic<\/strong> : une puissance in\u00e9gal\u00e9e pour le multit\u00e2che, le gaming et les applications professionnelles.<\/li><li><strong>Syst\u00e8me de cam\u00e9ra Pro 48 MP avec LiDAR <\/strong>: capturez des photos et des vid\u00e9os \u00e9poustouflantes avec un niveau de d\u00e9tail professionnel, m\u00eame en basse lumi\u00e8re.<\/li><li><strong>Connectivit\u00e9 5G ultra-rapide et Wi-Fi 6E<\/strong> : une navigation et un streaming fluides avec des vitesses fulgurantes.<\/li><li><strong>Ch\u00e2ssis en titane<\/strong> : durabilit\u00e9 renforc\u00e9e avec un design premium et l\u00e9ger.<\/li><li><strong>Stockage \u00e0 partir de 256 Go<\/strong> : un espace g\u00e9n\u00e9reux pour tous vos projets cr\u00e9atifs et vos donn\u00e9es.<\/li><li><strong>iOS 18 <\/strong>: l\u2019exp\u00e9rience iOS la plus s\u00e9curis\u00e9e et la plus efficace \u00e0 ce jour.<\/li><\/ul><p><strong>L\u2019iPhone 16 Pro<\/strong> est le choix id\u00e9al pour ceux qui recherchent une photographie, une vid\u00e9o et une puissance de traitement de niveau professionnel.<\/p>\n\t\t\t\t\t<\/div>\n\t\t\t\t\t\t<\/div>\n\t\t\t\t<\/div>\n\t\t\t\t<\/div>\n\t\t\t\t\t<\/div>\n\t\t\t\t<\/div>\n\t\t\t\t<\/div>\n\t\t","protected":false},"excerpt":{"rendered":"<p>Un appareil puissant dot\u00e9 d&rsquo;un \u00e9cran ProMotion de 6,3 pouces, de la puce A18 Pro Bionic et d&rsquo;un syst\u00e8me de triple cam\u00e9ra de 48 MP avec LiDAR. Design en titane, stockage \u00e0 partir de 256 Go et connectivit\u00e9 5G ultra-rapide. Id\u00e9al pour les utilisateurs recherchant des performances professionnelles et une photographie avanc\u00e9e.  <\/p>\n","protected":false},"featured_media":11992,"comment_status":"open","ping_status":"closed","template":"","meta":[],"product_brand":[123],"product_cat":[252,256,251],"product_tag":[],"class_list":{"0":"post-12514","1":"product","2":"type-product","3":"status-publish","4":"has-post-thumbnail","6":"product_brand-apple","7":"product_cat-apple-fr","8":"product_cat-i-phone-fr","9":"product_cat-telephone-mobile","11":"first","12":"instock","13":"featured","14":"shipping-taxable","15":"purchasable","16":"product-type-simple"},"_links":{"self":[{"href":"https:\/\/hteck.fr\/fr\/wp-json\/wp\/v2\/product\/12514","targetHints":{"allow":["GET"]}}],"collection":[{"href":"https:\/\/hteck.fr\/fr\/wp-json\/wp\/v2\/product"}],"about":[{"href":"https:\/\/hteck.fr\/fr\/wp-json\/wp\/v2\/types\/product"}],"replies":[{"embeddable":true,"href":"https:\/\/hteck.fr\/fr\/wp-json\/wp\/v2\/comments?post=12514"}],"version-history":[{"count":2,"href":"https:\/\/hteck.fr\/fr\/wp-json\/wp\/v2\/product\/12514\/revisions"}],"predecessor-version":[{"id":13899,"href":"https:\/\/hteck.fr\/fr\/wp-json\/wp\/v2\/product\/12514\/revisions\/13899"}],"wp:featuredmedia":[{"embeddable":true,"href":"https:\/\/hteck.fr\/fr\/wp-json\/wp\/v2\/media\/11992"}],"wp:attachment":[{"href":"https:\/\/hteck.fr\/fr\/wp-json\/wp\/v2\/media?parent=12514"}],"wp:term":[{"taxonomy":"product_brand","embeddable":true,"href":"https:\/\/hteck.fr\/fr\/wp-json\/wp\/v2\/product_brand?post=12514"},{"taxonomy":"product_cat","embeddable":true,"href":"https:\/\/hteck.fr\/fr\/wp-json\/wp\/v2\/product_cat?post=12514"},{"taxonomy":"product_tag","embeddable":true,"href":"https:\/\/hteck.fr\/fr\/wp-json\/wp\/v2\/product_tag?post=12514"}],"curies":[{"name":"wp","href":"https:\/\/api.w.org\/{rel}","templated":true}]}}