{"id":12510,"date":"2025-03-12T15:41:47","date_gmt":"2025-03-12T15:41:47","guid":{"rendered":"https:\/\/hteck.fr\/product\/iphone-16-pro-max-256-go-titane-naturel-mywy3zd-a-neuf\/"},"modified":"2025-12-22T11:16:23","modified_gmt":"2025-12-22T11:16:23","slug":"iphone-16-pro-max-256-go-titane-naturel-mywy3zd-a-neuf","status":"publish","type":"product","link":"https:\/\/hteck.fr\/fr\/produit\/iphone-16-pro-max-256-go-titane-naturel-mywy3zd-a-neuf\/","title":{"rendered":"iPhone 16 Pro Max 256 Go Titane Naturel MYWY3ZD\/A &#8211; Neuf"},"content":{"rendered":"\t\t<div data-elementor-type=\"wp-post\" data-elementor-id=\"12510\" class=\"elementor elementor-12510 elementor-10734\">\n\t\t\t\t<div class=\"wd-negative-gap elementor-element elementor-element-8c3c2c7 e-flex e-con-boxed e-con e-parent\" data-id=\"8c3c2c7\" data-element_type=\"container\" data-e-type=\"container\">\n\t\t\t\t\t<div class=\"e-con-inner\">\n\t\t<div class=\"elementor-element elementor-element-d0a7da0 e-con-full e-flex e-con e-child\" data-id=\"d0a7da0\" data-element_type=\"container\" data-e-type=\"container\">\n\t\t\t\t<div class=\"elementor-element elementor-element-fea3614 wd-width-100 elementor-widget elementor-widget-wd_title\" data-id=\"fea3614\" data-element_type=\"widget\" data-e-type=\"widget\" data-widget_type=\"wd_title.default\">\n\t\t\t\t<div class=\"elementor-widget-container\">\n\t\t\t\t\t\t\t<div class=\"title-wrapper wd-set-mb reset-last-child wd-title-color-default wd-title-style-default wd-title-size-small text-left\">\n\n\t\t\t\n\t\t\t<div class=\"liner-continer\">\n\t\t\t\t<h4 class=\"woodmart-title-container title wd-fontsize-m\"><strong>Apple iPhone 16 Pro Max 256 Go Titane Naturel - &nbsp;<\/strong><span style=\"color: var(--wd-title-color);font-family: var(--wd-title-font);font-size: 22px;font-style: var(--wd-title-font-style);font-weight: var(--wd-title-font-weight);text-transform: var(--wd-title-transform);text-align: var(--text-align)\">MYWY3ZD\/A<\/span><h3><\/h3><\/h4> \n\t\t\t\t\t\t\t<\/div>\n\n\t\t\t\t\t<\/div>\n\t\t\t\t\t\t<\/div>\n\t\t\t\t<\/div>\n\t\t\t\t<div class=\"elementor-element elementor-element-ab13bf0 elementor-widget elementor-widget-wd_text_block\" data-id=\"ab13bf0\" data-element_type=\"widget\" data-e-type=\"widget\" data-widget_type=\"wd_text_block.default\">\n\t\t\t\t<div class=\"elementor-widget-container\">\n\t\t\t\t\t\t\t<div class=\"wd-text-block reset-last-child text-left\">\n\t\t\t\n\t\t\t<p>L\u2019<strong>iPhone 16 Pro Max<\/strong> offre le parfait \u00e9quilibre entre performance, taille et innovation. C\u2019est le choix ultime pour ceux qui recherchent le meilleur de la technologie Apple dans un format plus grand. <\/p><h4>Caract\u00e9ristiques cl\u00e9s :<\/h4><ul><li><strong>\u00c9cran Super Retina XDR ProMotion de 6,9 pouces<\/strong> : le plus grand et le plus immersif des \u00e9crans Apple, avec des d\u00e9tails remarquables et un taux de rafra\u00eechissement de 120 Hz pour une fluidit\u00e9 incomparable.<\/li><li><strong>Puce A18 Pro Bionic <\/strong>: la puce la plus puissante pour le gaming, la cr\u00e9ation de contenu et le multit\u00e2che avanc\u00e9.<\/li><li><strong>Syst\u00e8me de cam\u00e9ra Pro Max 48 MP avec LiDAR<\/strong> : capturez des photos de qualit\u00e9 studio avec un zoom optique \u00e9tendu et des capacit\u00e9s exceptionnelles en mode nuit.<\/li><li><strong>Autonomie prolong\u00e9e<\/strong> : profitez de la meilleure autonomie de la gamme, m\u00eame en cas d\u2019utilisation intensive.<\/li><li><strong>Connectivit\u00e9 5G, Wi-Fi 6E et UWB<\/strong> : une connectivit\u00e9 parfaite pour toutes vos t\u00e2ches exigeantes.<\/li><li><strong>Ch\u00e2ssis en titane<\/strong> : solide mais l\u00e9ger, pour une durabilit\u00e9 accrue avec un design \u00e9l\u00e9gant.<\/li><li><strong>Stockage \u00e0 partir de 256 Go<\/strong> : parfait pour les vid\u00e9os 4K, les photos haute r\u00e9solution et les applications cr\u00e9atives.<\/li><\/ul><p>L\u2019<strong>iPhone 16 Pro Max<\/strong> est con\u00e7u pour les professionnels et les passionn\u00e9s de technologie qui recherchent des performances de haut niveau, un grand \u00e9cran et une autonomie record.<\/p>\n\t\t\t\t\t<\/div>\n\t\t\t\t\t\t<\/div>\n\t\t\t\t<\/div>\n\t\t\t\t<\/div>\n\t\t\t\t\t<\/div>\n\t\t\t\t<\/div>\n\t\t\t\t<\/div>\n\t\t","protected":false},"excerpt":{"rendered":"<p>Le plus grand iPhone avec un \u00e9cran ProMotion de 6,9 pouces, puce A18 Pro Bionic et syst\u00e8me de triple cam\u00e9ra 48 MP avec LiDAR. Autonomie record, connectivit\u00e9 5G avanc\u00e9e et ch\u00e2ssis en titane. Con\u00e7u pour les professionnels et les utilisateurs exigeants \u00e0 la recherche de la meilleure exp\u00e9rience mobile possible.  <\/p>\n","protected":false},"featured_media":11989,"comment_status":"open","ping_status":"closed","template":"","meta":[],"product_brand":[123],"product_cat":[252,256,251],"product_tag":[],"class_list":{"0":"post-12510","1":"product","2":"type-product","3":"status-publish","4":"has-post-thumbnail","6":"product_brand-apple","7":"product_cat-apple-fr","8":"product_cat-i-phone-fr","9":"product_cat-telephone-mobile","11":"first","12":"instock","13":"featured","14":"shipping-taxable","15":"purchasable","16":"product-type-simple"},"_links":{"self":[{"href":"https:\/\/hteck.fr\/fr\/wp-json\/wp\/v2\/product\/12510","targetHints":{"allow":["GET"]}}],"collection":[{"href":"https:\/\/hteck.fr\/fr\/wp-json\/wp\/v2\/product"}],"about":[{"href":"https:\/\/hteck.fr\/fr\/wp-json\/wp\/v2\/types\/product"}],"replies":[{"embeddable":true,"href":"https:\/\/hteck.fr\/fr\/wp-json\/wp\/v2\/comments?post=12510"}],"version-history":[{"count":2,"href":"https:\/\/hteck.fr\/fr\/wp-json\/wp\/v2\/product\/12510\/revisions"}],"predecessor-version":[{"id":13902,"href":"https:\/\/hteck.fr\/fr\/wp-json\/wp\/v2\/product\/12510\/revisions\/13902"}],"wp:featuredmedia":[{"embeddable":true,"href":"https:\/\/hteck.fr\/fr\/wp-json\/wp\/v2\/media\/11989"}],"wp:attachment":[{"href":"https:\/\/hteck.fr\/fr\/wp-json\/wp\/v2\/media?parent=12510"}],"wp:term":[{"taxonomy":"product_brand","embeddable":true,"href":"https:\/\/hteck.fr\/fr\/wp-json\/wp\/v2\/product_brand?post=12510"},{"taxonomy":"product_cat","embeddable":true,"href":"https:\/\/hteck.fr\/fr\/wp-json\/wp\/v2\/product_cat?post=12510"},{"taxonomy":"product_tag","embeddable":true,"href":"https:\/\/hteck.fr\/fr\/wp-json\/wp\/v2\/product_tag?post=12510"}],"curies":[{"name":"wp","href":"https:\/\/api.w.org\/{rel}","templated":true}]}}